{"id":4060,"date":"2020-07-19T10:25:49","date_gmt":"2020-07-19T10:25:49","guid":{"rendered":"https:\/\/mucce.analogecloud.com\/?page_id=4060"},"modified":"2021-04-08T16:32:53","modified_gmt":"2021-04-08T16:32:53","slug":"datenschutz","status":"publish","type":"page","link":"https:\/\/mucce-group.com\/en\/datenschutz","title":{"rendered":"PRIVACY POLICY"},"content":{"rendered":"<section id=\"ut-section-6a072569a8005\" data-vc-full-width=\"true\" data-vc-full-width-init=\"false\" data-cursor-skin=\"global\" class=\"vc_section ut-vc-120 vc_section-has-no-fill ut-section-6a072569a8019\"><div id=\"ut-row-6a072569a88f9\" data-vc-full-width=\"true\" data-vc-full-width-init=\"false\" class=\"vc_row wpb_row vc_row-fluid vc_column-gap-40 ut-animate-element animated ut-no-animation-tablet ut-no-animation-mobile vc_row-o-equal-height vc_row-o-content-top vc_row-flex ut-row-6a072569a8aee\" data-effect=\"fadeInUp\" data-animateonce=\"yes\" data-delay=\"100\" data-animation-duration=\"1s\"><div class=\"wpb_column vc_column_container vc_col-sm-12 vc_col-has-fill bklyn-column-with-overlay\" ><div id=\"ut_inner_column_6a072569a93c8\" class=\"vc_column-inner ut-background-lozad\" data-background-image=\"https:\/\/mucce-group.com\/wp-content\/uploads\/2020\/07\/daten-1.png?id=4434\"><div id=\"ut_column_overlay_6a072569a95e1\" class=\"bklyn-overlay\"><\/div><div class=\"wpb_wrapper\"><h6 style=\"color: #00b0f0;text-align: left;text-transform:uppercase\" class=\"vc_custom_heading\"><b>PRIVACY POLICY<\/b><\/h6><h3 style=\"color: #ffffff;text-align: left;text-transform:uppercase\" class=\"vc_custom_heading\"><b>PRIVACY POLICY<\/b> IS IMPORTANT FOR US<\/h3>\n\t<div class=\"wpb_text_column wpb_content_element\" >\n\t\t<div class=\"wpb_wrapper\">\n\t\t\t\n\t\t<\/div>\n\t<\/div>\n<\/div><\/div><style type=\"text\/css\">#ut_inner_column_6a072569a93c8{padding-top: 40px !important;padding-right: 40px !important;padding-bottom: 120px !important;padding-left: 40px !important;background-position:center center !important;;background-repeat: no-repeat !important;background-size: cover !important;border-radius: 10px !important;background-attachment:scroll!important;}#ut_column_overlay_6a072569a95e1{ background-color: rgba(44,62,80,0.5);}<\/style><\/div><\/div><div class=\"vc_row-full-width vc_clearfix\"><\/div><a data-id=\"section-without-id\" class=\"ut-vc-offset-anchor-bottom\" name=\"section-without-id\"><\/a><\/section><div class=\"vc_row-full-width vc_clearfix\"><\/div><section id=\"ut-section-6a072569aa97c\" data-section-title=\"Typography\" data-vc-full-width=\"true\" data-vc-full-width-init=\"false\" data-cursor-skin=\"global\" class=\"vc_section ut-vc-120 vc_section-has-no-fill ut-section-6a072569aa986\"><div id=\"ut-row-6a072569ab123\" data-vc-full-width=\"true\" data-vc-full-width-init=\"false\" class=\"vc_row wpb_row vc_row-fluid vc_column-gap-0 ut-row-6a072569ab12c\" ><div class=\"wpb_column vc_column_container vc_col-sm-12\" ><div id=\"ut_inner_column_6a072569ab792\" class=\"vc_column-inner\" ><div class=\"wpb_wrapper\"><div class=\"wpb_content_element\"><style type=\"text\/css\"><\/style><header id=\"ut_header_6a072569abcf5\" class=\"section-header  ut-no-title-linebreak-mobile ut-no-lead-linebreak-mobile pt-style-7 header-center header-tablet-center header-mobile-center\"><h2 data-title=\"Datenschutzhinweise\"  data-responsive-font=\"section_title\" class=\"section-title\"><span>Privacy policy<\/span><\/h2><div data-delay=\"0\" class=\"lead\"><p class=\" translation-block\">With the following information we would like to inform you in a generally understandable way about the processing of <br>\npersonal data on our Internet pages.<\/p>\n<\/div><\/header><\/div><\/div><\/div><\/div><\/div><div class=\"vc_row-full-width vc_clearfix\"><\/div><div id=\"ut-row-6a072569b01a5\" data-vc-full-width=\"true\" data-vc-full-width-init=\"false\" class=\"vc_row wpb_row vc_row-fluid vc_column-gap-0 ut-row-6a072569b01b4\" ><div class=\"wpb_column vc_column_container vc_col-sm-12\" ><div id=\"ut_inner_column_6a072569b0839\" class=\"vc_column-inner\" ><div class=\"wpb_wrapper\"><style type=\"text\/css\">#ut_custom_heading6a072569b0905 { text-align:left; }@media (min-width: 768px) and (max-width: 1024px) { #ut_custom_heading6a072569b0905 { text-align:left; } }@media (max-width: 767px) { #ut_custom_heading6a072569b0905 { text-align:left; } }<\/style><h1 id=\"ut_custom_heading6a072569b0905\" data-responsive-font=\"h1\" class=\"ut-custom-heading-module\" ><span class=\"\" >Summary<\/span><\/h1><div class=\"wpb_content_element\"><style class=\"bklyn-inline-styles\" type=\"text\/css\">#ut_fl_6a072569b0ff2852852780.bklyn-fancy-list { font-size: 14px !important; }#ut_fl_6a072569b0ff2852852780.bklyn-fancy-list { line-height: 28px !important; }<\/style><div id=\"ut_fl_6a072569b0ff2852852780\" class=\"bklyn-fancy-list  bklyn-fancy-list-left bklyn-fancy-list-tablet-left bklyn-fancy-list-mobile-center\"><ul class=\"bklyn-list bklyn-list-style-none\" data-appear-top-offset=\"almost\"><li class=\"bklyn-list-item-space-xsmall bklyn-fancy-list-item-has-icon bklyn-fancy-list-item-has-icon-center\"><i class=\"fa fa-users\"><\/i><div class=\"bklyn-fancy-list-content\"><span>Personal data is processed on our Internet pages. <\/span><\/div><\/a><\/li><li class=\"bklyn-list-item-space-xsmall bklyn-fancy-list-item-has-icon bklyn-fancy-list-item-has-icon-center\"><i class=\"fa fa-address-card-o\"><\/i><div class=\"bklyn-fancy-list-content\"><span>A processing of personal data is carried out out out of our interest in an assignment by your person as well as to fulfil service contracts. <\/span><\/div><\/a><\/li><li class=\"bklyn-list-item-space-xsmall bklyn-fancy-list-item-has-icon bklyn-fancy-list-item-has-icon-center\"><i class=\"fa fa-refresh\"><\/i><div class=\"bklyn-fancy-list-content\"><span>In order to fulfil service contracts, personal data is processed by companies on our behalf. <\/span><\/div><\/a><\/li><li class=\"bklyn-list-item-space-xsmall bklyn-fancy-list-item-has-icon bklyn-fancy-list-item-has-icon-center\"><i class=\"fa fa-lock\"><\/i><div class=\"bklyn-fancy-list-content\"><span>For the protection of personal data, agreements have been concluded with all service companies for the processing of personal data on behalf of us. <\/span><\/div><\/a><\/li><\/ul><\/div><\/div><\/div><\/div><\/div><\/div><div class=\"vc_row-full-width vc_clearfix\"><\/div><div id=\"ut-row-6a072569b16dd\" data-vc-full-width=\"true\" data-vc-full-width-init=\"false\" class=\"vc_row wpb_row vc_row-fluid vc_column-gap-0 ut-row-6a072569b16e6\" ><div class=\"wpb_column vc_column_container vc_col-sm-12\" ><div id=\"ut_inner_column_6a072569b1cfc\" class=\"vc_column-inner\" ><div class=\"wpb_wrapper\"><style type=\"text\/css\">#ut_custom_heading6a072569b1db1 { text-align:left; }@media (min-width: 768px) and (max-width: 1024px) { #ut_custom_heading6a072569b1db1 { text-align:left; } }@media (max-width: 767px) { #ut_custom_heading6a072569b1db1 { text-align:left; } }<\/style><h1 id=\"ut_custom_heading6a072569b1db1\" data-responsive-font=\"h1\" class=\"ut-custom-heading-module\" ><span class=\"\" >Responsible body<\/span><\/h1><style type=\"text\/css\">#ut_custom_heading6a072569b1dec { text-align:left; }@media (min-width: 768px) and (max-width: 1024px) { #ut_custom_heading6a072569b1dec { text-align:left; } }@media (max-width: 767px) { #ut_custom_heading6a072569b1dec { text-align:left; } }<\/style><div id=\"ut_custom_heading6a072569b1dec\" data-responsive-font=\"div\" class=\"ut-custom-heading-module\" ><span class=\"\" >As the operator of this website, we are also responsible for the processing of personal data in accordance with the basic data protection regulation. The address of our management is<br \/>\nMUCCE GROUP GmbH<br \/>\nLindenhof 1, 71229 Leonberg<br \/>\nRepresented by the managing directors according to the imprint <\/span><\/div><\/div><\/div><\/div><\/div><div class=\"vc_row-full-width vc_clearfix\"><\/div><div id=\"ut-row-6a072569b24d0\" data-vc-full-width=\"true\" data-vc-full-width-init=\"false\" class=\"vc_row wpb_row vc_row-fluid vc_column-gap-0 ut-row-6a072569b24d9\" ><div class=\"wpb_column vc_column_container vc_col-sm-12\" ><div id=\"ut_inner_column_6a072569b2ac6\" class=\"vc_column-inner\" ><div class=\"wpb_wrapper\"><style type=\"text\/css\">#ut_custom_heading6a072569b2b2b { text-align:left; }@media (min-width: 768px) and (max-width: 1024px) { #ut_custom_heading6a072569b2b2b { text-align:left; } }@media (max-width: 767px) { #ut_custom_heading6a072569b2b2b { text-align:left; } }<\/style><h1 id=\"ut_custom_heading6a072569b2b2b\" data-responsive-font=\"h1\" class=\"ut-custom-heading-module\" ><span class=\"\" >Data protection officer<\/span><\/h1><style type=\"text\/css\">#ut_custom_heading6a072569b2b77 { text-align:left; }@media (min-width: 768px) and (max-width: 1024px) { #ut_custom_heading6a072569b2b77 { text-align:left; } }@media (max-width: 767px) { #ut_custom_heading6a072569b2b77 { text-align:left; } }<\/style><div id=\"ut_custom_heading6a072569b2b77\" data-responsive-font=\"div\" class=\"ut-custom-heading-module\" ><span class=\"\" >The data protection officer of the MUCCE GROUP can be contacted at the above-mentioned address, for the attention of the data protection officer or at dsb@mucce-group.de.de. <\/span><\/div><\/div><\/div><\/div><\/div><div class=\"vc_row-full-width vc_clearfix\"><\/div><div id=\"ut-row-6a072569b328d\" data-vc-full-width=\"true\" data-vc-full-width-init=\"false\" class=\"vc_row wpb_row vc_row-fluid vc_column-gap-0 ut-row-6a072569b3296\" ><div class=\"wpb_column vc_column_container vc_col-sm-12\" ><div id=\"ut_inner_column_6a072569b37ea\" class=\"vc_column-inner\" ><div class=\"wpb_wrapper\"><style type=\"text\/css\">#ut_custom_heading6a072569b3855 { text-align:left; }@media (min-width: 768px) and (max-width: 1024px) { #ut_custom_heading6a072569b3855 { text-align:left; } }@media (max-width: 767px) { #ut_custom_heading6a072569b3855 { text-align:left; } }<\/style><h1 id=\"ut_custom_heading6a072569b3855\" data-responsive-font=\"h1\" class=\"ut-custom-heading-module\" ><span class=\"\" >Lawfulness of data processing<\/span><\/h1><style type=\"text\/css\">#ut_custom_heading6a072569b3886 { text-align:left; }@media (min-width: 768px) and (max-width: 1024px) { #ut_custom_heading6a072569b3886 { text-align:left; } }@media (max-width: 767px) { #ut_custom_heading6a072569b3886 { text-align:left; } }<\/style><div id=\"ut_custom_heading6a072569b3886\" data-responsive-font=\"div\" class=\"ut-custom-heading-module\" ><span class=\"\" >Personal data is processed on the basis of Article 6 paragraph 1 point b (performance of a contract), point c (fulfilment of a legal obligation) and point f (safeguarding of legitimate interests) of the Basic Data Protection Regulation (DSGVO). <\/span><\/div><\/div><\/div><\/div><\/div><div class=\"vc_row-full-width vc_clearfix\"><\/div><div id=\"ut-row-6a072569b3f0c\" data-vc-full-width=\"true\" data-vc-full-width-init=\"false\" class=\"vc_row wpb_row vc_row-fluid vc_column-gap-0 ut-row-6a072569b3f14\" ><div class=\"wpb_column vc_column_container vc_col-sm-12\" ><div id=\"ut_inner_column_6a072569b449b\" class=\"vc_column-inner\" ><div class=\"wpb_wrapper\"><style type=\"text\/css\">#ut_custom_heading6a072569b450b { text-align:left; }@media (min-width: 768px) and (max-width: 1024px) { #ut_custom_heading6a072569b450b { text-align:left; } }@media (max-width: 767px) { #ut_custom_heading6a072569b450b { text-align:left; } }<\/style><h1 id=\"ut_custom_heading6a072569b450b\" data-responsive-font=\"h1\" class=\"ut-custom-heading-module\" ><span class=\"\" >Categories of personal data<\/span><\/h1><style type=\"text\/css\">#ut_custom_heading6a072569b453e { text-align:left; }@media (min-width: 768px) and (max-width: 1024px) { #ut_custom_heading6a072569b453e { text-align:left; } }@media (max-width: 767px) { #ut_custom_heading6a072569b453e { text-align:left; } }<\/style><div id=\"ut_custom_heading6a072569b453e\" data-responsive-font=\"div\" class=\"ut-custom-heading-module\" ><span class=\"\" >Only contact information and traffic data are processed through these Internet pages. The contact information processed includes name, surname, address, telephone number, mobile number and e-mail address of the person seeking contact Traffic data includes: The IP address of the visitor to our website. <\/span><\/div><\/div><\/div><\/div><\/div><div class=\"vc_row-full-width vc_clearfix\"><\/div><div id=\"ut-row-6a072569b4c35\" data-vc-full-width=\"true\" data-vc-full-width-init=\"false\" class=\"vc_row wpb_row vc_row-fluid vc_column-gap-0 ut-row-6a072569b4c3e\" ><div class=\"wpb_column vc_column_container vc_col-sm-12\" ><div id=\"ut_inner_column_6a072569b51a8\" class=\"vc_column-inner\" ><div class=\"wpb_wrapper\"><style type=\"text\/css\">#ut_custom_heading6a072569b5209 { text-align:left; }@media (min-width: 768px) and (max-width: 1024px) { #ut_custom_heading6a072569b5209 { text-align:left; } }@media (max-width: 767px) { #ut_custom_heading6a072569b5209 { text-align:left; } }<\/style><h1 id=\"ut_custom_heading6a072569b5209\" data-responsive-font=\"h1\" class=\"ut-custom-heading-module\" ><span class=\"\" >Cookies<\/span><\/h1><style type=\"text\/css\">#ut_custom_heading6a072569b523c { text-align:left; }@media (min-width: 768px) and (max-width: 1024px) { #ut_custom_heading6a072569b523c { text-align:left; } }@media (max-width: 767px) { #ut_custom_heading6a072569b523c { text-align:left; } }<\/style><div id=\"ut_custom_heading6a072569b523c\" data-responsive-font=\"div\" class=\"ut-custom-heading-module   vc_custom_1595578995019\" ><span class=\"\" >No cookies are used to create user profiles on our websites.<\/span><\/div><\/div><\/div><\/div><\/div><div class=\"vc_row-full-width vc_clearfix\"><\/div><div id=\"ut-row-6a072569b5938\" data-vc-full-width=\"true\" data-vc-full-width-init=\"false\" class=\"vc_row wpb_row vc_row-fluid vc_column-gap-0 ut-row-6a072569b5940\" ><div class=\"wpb_column vc_column_container vc_col-sm-12\" ><div id=\"ut_inner_column_6a072569b5eab\" class=\"vc_column-inner\" ><div class=\"wpb_wrapper\"><style type=\"text\/css\">#ut_custom_heading6a072569b5f06 { text-align:left; }@media (min-width: 768px) and (max-width: 1024px) { #ut_custom_heading6a072569b5f06 { text-align:left; } }@media (max-width: 767px) { #ut_custom_heading6a072569b5f06 { text-align:left; } }<\/style><h1 id=\"ut_custom_heading6a072569b5f06\" data-responsive-font=\"h1\" class=\"ut-custom-heading-module\" ><span class=\"\" >Categories of recipients<\/span><\/h1><style type=\"text\/css\">#ut_custom_heading6a072569b5f37 { text-align:left; }@media (min-width: 768px) and (max-width: 1024px) { #ut_custom_heading6a072569b5f37 { text-align:left; } }@media (max-width: 767px) { #ut_custom_heading6a072569b5f37 { text-align:left; } }<\/style><div id=\"ut_custom_heading6a072569b5f37\" data-responsive-font=\"div\" class=\"ut-custom-heading-module   vc_custom_1595579038183\" ><span class=\"\" >We commission a service company to operate these Internet pages and communicate via e-mail. In order to fulfil the service contract, this service company is transmitted the traffic data collected from the visitor when calling up our Internet pages.<\/span><\/div><\/div><\/div><\/div><\/div><div class=\"vc_row-full-width vc_clearfix\"><\/div><div id=\"ut-row-6a072569b666e\" data-vc-full-width=\"true\" data-vc-full-width-init=\"false\" class=\"vc_row wpb_row vc_row-fluid vc_column-gap-0 ut-row-6a072569b6677\" ><div class=\"wpb_column vc_column_container vc_col-sm-12\" ><div id=\"ut_inner_column_6a072569b6c24\" class=\"vc_column-inner\" ><div class=\"wpb_wrapper\"><style type=\"text\/css\">#ut_custom_heading6a072569b6c86 { text-align:left; }@media (min-width: 768px) and (max-width: 1024px) { #ut_custom_heading6a072569b6c86 { text-align:left; } }@media (max-width: 767px) { #ut_custom_heading6a072569b6c86 { text-align:left; } }<\/style><h1 id=\"ut_custom_heading6a072569b6c86\" data-responsive-font=\"h1\" class=\"ut-custom-heading-module\" ><span class=\"\" >Data processing outside the European Union<\/span><\/h1><style type=\"text\/css\">#ut_custom_heading6a072569b6cb9 { text-align:left; }@media (min-width: 768px) and (max-width: 1024px) { #ut_custom_heading6a072569b6cb9 { text-align:left; } }@media (max-width: 767px) { #ut_custom_heading6a072569b6cb9 { text-align:left; } }<\/style><div id=\"ut_custom_heading6a072569b6cb9\" data-responsive-font=\"div\" class=\"ut-custom-heading-module   vc_custom_1595579189823\" ><span class=\"\" >Data processing outside the European Union is not carried out by us.<\/span><\/div><\/div><\/div><\/div><\/div><div class=\"vc_row-full-width vc_clearfix\"><\/div><div id=\"ut-row-6a072569b73ca\" data-vc-full-width=\"true\" data-vc-full-width-init=\"false\" class=\"vc_row wpb_row vc_row-fluid vc_column-gap-0 ut-row-6a072569b73d3\" ><div class=\"wpb_column vc_column_container vc_col-sm-12\" ><div id=\"ut_inner_column_6a072569b7923\" class=\"vc_column-inner\" ><div class=\"wpb_wrapper\"><style type=\"text\/css\">#ut_custom_heading6a072569b7995 { text-align:left; }@media (min-width: 768px) and (max-width: 1024px) { #ut_custom_heading6a072569b7995 { text-align:left; } }@media (max-width: 767px) { #ut_custom_heading6a072569b7995 { text-align:left; } }<\/style><h1 id=\"ut_custom_heading6a072569b7995\" data-responsive-font=\"h1\" class=\"ut-custom-heading-module\" ><span class=\"\" >Storage and deletion of personal data<\/span><\/h1><style type=\"text\/css\">#ut_custom_heading6a072569b79c8 { text-align:left; }@media (min-width: 768px) and (max-width: 1024px) { #ut_custom_heading6a072569b79c8 { text-align:left; } }@media (max-width: 767px) { #ut_custom_heading6a072569b79c8 { text-align:left; } }<\/style><div id=\"ut_custom_heading6a072569b79c8\" data-responsive-font=\"div\" class=\"ut-custom-heading-module   vc_custom_1595579095648\" ><span class=\"\" >Personal data collected by us will always be deleted if there is no need for further storage. A requirement may exist in particular if the data collected by us is still required for the fulfilment of contractual obligations. In the case of storage obligations stipulated by law, in most cases this storage obligation is ten years, deletion is only possible after the expiry of the respective storage obligation. <\/span><\/div><\/div><\/div><\/div><\/div><div class=\"vc_row-full-width vc_clearfix\"><\/div><div id=\"ut-row-6a072569b80d0\" data-vc-full-width=\"true\" data-vc-full-width-init=\"false\" class=\"vc_row wpb_row vc_row-fluid vc_column-gap-0 ut-row-6a072569b80d9\" ><div class=\"wpb_column vc_column_container vc_col-sm-12\" ><div id=\"ut_inner_column_6a072569b86a2\" class=\"vc_column-inner\" ><div class=\"wpb_wrapper\"><style type=\"text\/css\">#ut_custom_heading6a072569b8709 { text-align:left; }@media (min-width: 768px) and (max-width: 1024px) { #ut_custom_heading6a072569b8709 { text-align:left; } }@media (max-width: 767px) { #ut_custom_heading6a072569b8709 { text-align:left; } }<\/style><h1 id=\"ut_custom_heading6a072569b8709\" data-responsive-font=\"h1\" class=\"ut-custom-heading-module\" ><span class=\"\" >Rights of persons affected by the processing of personal data<\/span><\/h1><style type=\"text\/css\">#ut_custom_heading6a072569b873d { text-align:left; }@media (min-width: 768px) and (max-width: 1024px) { #ut_custom_heading6a072569b873d { text-align:left; } }@media (max-width: 767px) { #ut_custom_heading6a072569b873d { text-align:left; } }<\/style><div id=\"ut_custom_heading6a072569b873d\" data-responsive-font=\"div\" class=\"ut-custom-heading-module   vc_custom_1595579121421\" ><span class=\"\" >You have the right to be informed about the personal data processed by us. You can contact the following office for information at any time:<\/p>\n<p>MUCCE GROUP GmbH<br \/>\nRequests for information<br \/>\nLindenhof 1, 71229 Leonberg<br \/>\ndsb@MUCCE-GROUP.de<\/p>\n<p>Furthermore, you have the right to correct incorrectly collected personal data and to delete personal data stored by us within the framework of the legal requirements. Furthermore, you have the right to restrict further data processing or you may object to the processing of personal data within the scope of the legal requirements. Finally, you have the right to transfer the personal data stored by us. <\/span><\/div><\/div><\/div><\/div><\/div><div class=\"vc_row-full-width vc_clearfix\"><\/div><div id=\"ut-row-6a072569b8ef3\" data-vc-full-width=\"true\" data-vc-full-width-init=\"false\" class=\"vc_row wpb_row vc_row-fluid vc_column-gap-0 ut-row-6a072569b8efc\" ><div class=\"wpb_column vc_column_container vc_col-sm-12\" ><div id=\"ut_inner_column_6a072569b9541\" class=\"vc_column-inner\" ><div class=\"wpb_wrapper\"><style type=\"text\/css\">#ut_custom_heading6a072569b95b1 { text-align:left; }@media (min-width: 768px) and (max-width: 1024px) { #ut_custom_heading6a072569b95b1 { text-align:left; } }@media (max-width: 767px) { #ut_custom_heading6a072569b95b1 { text-align:left; } }<\/style><h1 id=\"ut_custom_heading6a072569b95b1\" data-responsive-font=\"h1\" class=\"ut-custom-heading-module\" ><span class=\"\" >Complaints about unlawful data processing<\/span><\/h1><style type=\"text\/css\">#ut_custom_heading6a072569b95e4 { text-align:left; }@media (min-width: 768px) and (max-width: 1024px) { #ut_custom_heading6a072569b95e4 { text-align:left; } }@media (max-width: 767px) { #ut_custom_heading6a072569b95e4 { text-align:left; } }<\/style><div id=\"ut_custom_heading6a072569b95e4\" data-responsive-font=\"div\" class=\"ut-custom-heading-module   vc_custom_1595579158728\" ><span class=\"\" >You have the right to lodge a complaint with the supervisory authority responsible for us against unlawful processing of personal data. You can submit your complaint in writing or online to the Commissioner for Data Protection and Information Security of the Federal State of Baden-W\u00fcrttemberg.<br \/>\nOnline: https:\/\/www.baden-wuerttemberg.datenschutz.de\/online-beschwerde\/<br \/>\nIn writing:<br \/>\nState Commissioner for Data Protection and Freedom of Information<br \/>\nPO Box 10 29 32<br \/>\n70025 Stuttgart <\/span><\/div><\/div><\/div><\/div><\/div><div class=\"vc_row-full-width vc_clearfix\"><\/div><a data-id=\"section-without-id\" class=\"ut-vc-offset-anchor-bottom\" name=\"section-without-id\"><\/a><\/section><div class=\"vc_row-full-width vc_clearfix\"><\/div>","protected":false},"excerpt":{"rendered":"DATENSCHUTZDATENSCHUTZ IST UNS WICHTIG #ut_inner_column_6a072569bb59f{padding-top: 40px !important;padding-right: 40px !important;padding-bottom: 120px !important;padding-left: 40px !important;background-position:center center !important;;background-repeat: no-repeat !important;background-size: cover !important;border-radius: 10px !important;background-attachment:scroll!important;}#ut_column_overlay_6a072569bb80e{ background-color: rgba(44,62,80,0.5);}DatenschutzhinweiseMit nachfolgenden Hinweisen m\u00f6chten wir Sie in einer allgemeinverst\u00e4ndlichen Art und Weise \u00fcber Verarbeitungen von personenbezogenen Daten auf unseren Internetseiten informieren. #ut_custom_heading6a072569bed0f { text-align:left; }@media (min-width: 768px) and (max-width: 1024px) { #ut_custom_heading6a072569bed0f {&hellip;","protected":false},"author":2,"featured_media":0,"parent":0,"menu_order":0,"comment_status":"closed","ping_status":"closed","template":"","meta":{"footnotes":""},"_links":{"self":[{"href":"https:\/\/mucce-group.com\/en\/wp-json\/wp\/v2\/pages\/4060"}],"collection":[{"href":"https:\/\/mucce-group.com\/en\/wp-json\/wp\/v2\/pages"}],"about":[{"href":"https:\/\/mucce-group.com\/en\/wp-json\/wp\/v2\/types\/page"}],"author":[{"embeddable":true,"href":"https:\/\/mucce-group.com\/en\/wp-json\/wp\/v2\/users\/2"}],"replies":[{"embeddable":true,"href":"https:\/\/mucce-group.com\/en\/wp-json\/wp\/v2\/comments?post=4060"}],"version-history":[{"count":8,"href":"https:\/\/mucce-group.com\/en\/wp-json\/wp\/v2\/pages\/4060\/revisions"}],"predecessor-version":[{"id":4423,"href":"https:\/\/mucce-group.com\/en\/wp-json\/wp\/v2\/pages\/4060\/revisions\/4423"}],"wp:attachment":[{"href":"https:\/\/mucce-group.com\/en\/wp-json\/wp\/v2\/media?parent=4060"}],"curies":[{"name":"wp","href":"https:\/\/api.w.org\/{rel}","templated":true}]}}