{"id":4411,"date":"2020-07-24T07:10:44","date_gmt":"2020-07-24T07:10:44","guid":{"rendered":"https:\/\/mucce.analogecloud.com\/?page_id=4411"},"modified":"2023-01-20T07:39:00","modified_gmt":"2023-01-20T07:39:00","slug":"kontakt","status":"publish","type":"page","link":"https:\/\/mucce-group.com\/en\/kontakt","title":{"rendered":"CONTACT"},"content":{"rendered":"<section id=\"ut-section-69f39a6e0f526\" data-vc-full-width=\"true\" data-vc-full-width-init=\"false\" data-cursor-skin=\"global\" class=\"vc_section ut-vc-120 vc_section-has-no-fill ut-section-69f39a6e0f535\"><div id=\"ut-row-69f39a6e0fe45\" data-vc-full-width=\"true\" data-vc-full-width-init=\"false\" class=\"vc_row wpb_row vc_row-fluid vc_column-gap-40 ut-animate-element animated ut-no-animation-tablet ut-no-animation-mobile vc_row-o-equal-height vc_row-o-content-top vc_row-flex ut-row-69f39a6e1004d\" data-effect=\"fadeInUp\" data-animateonce=\"yes\" data-delay=\"100\" data-animation-duration=\"1s\"><div class=\"wpb_column vc_column_container vc_col-sm-4 vc_col-has-fill bklyn-column-with-overlay\" ><div id=\"ut_inner_column_69f39a6e1294d\" class=\"vc_column-inner ut-background-lozad\" data-background-image=\"https:\/\/mucce-group.com\/wp-content\/uploads\/2021\/04\/jan_Tec_I.png?id=5248\"><div id=\"ut_column_overlay_69f39a6e12b98\" class=\"bklyn-overlay\"><\/div><div class=\"wpb_wrapper\"><h4 style=\"color: #00b0f0;text-align: left;text-transform:uppercase\" class=\"vc_custom_heading\"><b>+49 (0) 7152 92 61 5 - 77<\/b><\/h4><h3 style=\"color: #ffffff;text-align: left;text-transform:uppercase\" class=\"vc_custom_heading\">MUCCE <b>SupportDesk<\/b><\/h3>\n\t<div class=\"wpb_text_column wpb_content_element\" >\n\t\t<div class=\"wpb_wrapper\">\n\t\t\t<p><span style=\"color: #ffffff;\">In the event of technical faults, the MUCCE support team will be happy to assist you by telephone in an emergency. And that 24\/7.<\/span><\/p>\n\n\t\t<\/div>\n\t<\/div>\n<\/div><\/div><style type=\"text\/css\">#ut_inner_column_69f39a6e1294d{padding-top: 40px !important;padding-right: 40px !important;padding-bottom: 120px !important;padding-left: 40px !important;background-position:center center !important;;background-repeat: no-repeat !important;background-size: cover !important;border-radius: 10px !important;background-attachment:scroll!important;}#ut_column_overlay_69f39a6e12b98{ background-color: rgba(44, 62, 80, 0.6);}<\/style><\/div><div class=\"wpb_column vc_column_container vc_col-sm-4 vc_col-has-fill bklyn-column-with-overlay\" ><div id=\"ut_inner_column_69f39a6e13755\" class=\"vc_column-inner\" ><div id=\"ut_column_overlay_69f39a6e13924\" class=\"bklyn-overlay\"><\/div><div class=\"wpb_wrapper\"><h4 style=\"color: #00b0f0;text-align: left;text-transform:uppercase\" class=\"vc_custom_heading\"><b>+49 (0) 7152 92 61 5 - 0<\/b><\/h4><h3 style=\"color: #ffffff;text-align: left;text-transform:uppercase\" class=\"vc_custom_heading\">MUCCE <b>Customer Service<\/b><\/h3>\n\t<div class=\"wpb_text_column wpb_content_element\" >\n\t\t<div class=\"wpb_wrapper\">\n\t\t\t<p><span style=\"color: #ffffff;\">You would like to inquire about a product or service, have questions about your offer, your order or your invoice or have any other concerns? Please contact our MUCCE customer service.<\/span><\/p>\n\n\t\t<\/div>\n\t<\/div>\n<\/div><\/div><style type=\"text\/css\">#ut_inner_column_69f39a6e13755{padding-top: 40px !important;padding-right: 40px !important;padding-bottom: 120px !important;padding-left: 40px !important;background: #343a40 url(https:\/\/mucce-group.com\/wp-content\/uploads\/2020\/07\/Franzi-BLau-kurz.png?id=4314) !important;background-position:center center !important;;background-repeat: no-repeat !important;background-size: cover !important;border-radius: 10px !important;background-attachment:scroll!important;}#ut_column_overlay_69f39a6e13924{ background-color: rgba(44, 62, 80, 0.7);}<\/style><\/div><div class=\"wpb_column vc_column_container vc_col-sm-4 vc_col-has-fill bklyn-column-with-overlay\" ><div id=\"ut_inner_column_69f39a6e1411d\" class=\"vc_column-inner ut-background-lozad\" data-background-image=\"https:\/\/mucce-group.com\/wp-content\/uploads\/2021\/04\/mo_Tec_II.png?id=5323\"><div id=\"ut_column_overlay_69f39a6e14289\" class=\"bklyn-overlay\"><\/div><div class=\"wpb_wrapper\"><h4 style=\"color: #00b0f0;text-align: left;text-transform:uppercase\" class=\"vc_custom_heading\"><b>+49 (0) 7152 92 61 5 - 55<\/b><\/h4><h3 style=\"color: #ffffff;text-align: left;text-transform:uppercase\" class=\"vc_custom_heading\">MUCCE <b>Help line<\/b><\/h3>\n\t<div class=\"wpb_text_column wpb_content_element\" >\n\t\t<div class=\"wpb_wrapper\">\n\t\t\t<p><span style=\"color: #ffffff;\">Unsere MUCCE HelpLine steht Ihnen gerne f\u00fcr technische Anfragen jeder Art innerhalb unserer B\u00fcro\u00f6ffnungszeiten zur Verf\u00fcgung.<\/span><\/p>\n\n\t\t<\/div>\n\t<\/div>\n<\/div><\/div><style type=\"text\/css\">#ut_inner_column_69f39a6e1411d{padding-top: 40px !important;padding-right: 40px !important;padding-bottom: 120px !important;padding-left: 40px !important;background-position:center center !important;;background-repeat: no-repeat !important;background-size: cover !important;border-radius: 10px !important;background-attachment:scroll!important;}#ut_column_overlay_69f39a6e14289{ background-color: rgba(44, 62, 80, 0.7);}<\/style><\/div><\/div><div class=\"vc_row-full-width vc_clearfix\"><\/div><div id=\"ut-row-69f39a6e170fd\" data-vc-full-width=\"true\" data-vc-full-width-init=\"false\" class=\"vc_row wpb_row vc_row-fluid vc_column-gap-0 ut-row-69f39a6e1710a\" ><div class=\"wpb_column vc_column_container vc_col-sm-12\" ><div id=\"ut_inner_column_69f39a6e1784d\" class=\"vc_column-inner\" ><div class=\"wpb_wrapper\"><div id=\"ut_cc_outer_69f39a6e178ff\" class=\"wpb_content_element\"><style type=\"text\/css\">#ut_cc_69f39a6e178fe.ut-brands:not(.ut-brands-carousel) {-webkit-box-pack: center; -ms-flex-pack: center; justify-content: center;}#ut_cc_69f39a6e178fe .ut-single-brand-logo{opacity: 1;}#ut_cc_69f39a6e178fe .ut-single-brand.ut-single-brand-link:hover .ut-single-brand-logo,#ut_cc_69f39a6e178fe .ut-single-brand.ut-single-brand-cells:hover .ut-single-brand-logo,#ut_cc_69f39a6e178fe .ut-single-brand:not(.ut-single-brand-link):not(.ut-single-brand-cells) .ut-single-brand-logo:hover {opacity: 1;}#ut_cc_69f39a6e178fe.ut-brands-display-cells .ut-single-brand {border-right: 1px solid #DDD;border-bottom: 1px solid #DDD;}#ut_cc_69f39a6e178fe.ut-brands-display-cells .ut-single-brand:first-child {border-left: 1px solid #DDD;}@media (min-width: 1025px) {#ut_cc_69f39a6e178fe.ut-brands-display-cells .ut-single-brand:nth-child(4n+1) {border-left: 1px solid #DDD;}#ut_cc_69f39a6e178fe.ut-brands-display-cells .ut-single-brand:nth-child(-n+4) {border-top: 1px solid #DDD;}#ut_cc_69f39a6e178fe.ut-brands-display-plain:not(.ut-brands-carousel) .ut-single-brand:nth-last-child(-n+1) {padding-bottom: 0;}}@media (min-width: 768px) and (max-width: 1024px) {#ut_cc_69f39a6e178fe.ut-brands-display-cells .ut-single-brand:nth-child(4n+1) {border-left: 1px solid #DDD;}#ut_cc_69f39a6e178fe.ut-brands-display-cells .ut-single-brand:nth-child(-n+4) {border-top: 1px solid #DDD;}#ut_cc_69f39a6e178fe.ut-brands-display-plain:not(.ut-brands-carousel) .ut-single-brand:nth-last-child(-n+1) {padding-bottom: 0;}}@media (max-width: 767px) {#ut_cc_69f39a6e178fe.ut-brands-display-cells .ut-single-brand:nth-child(2n+1) {border-left: 1px solid #DDD;}#ut_cc_69f39a6e178fe.ut-brands-display-cells .ut-single-brand:nth-child(-n+2) {border-top: 1px solid #DDD;}#ut_cc_69f39a6e178fe.ut-brands-display-plain:not(.ut-brands-carousel) .ut-single-brand:nth-last-child(-n+1) {padding-bottom: 0;}}<\/style><div id=\"ut_cc_69f39a6e178fe\" class=\"ut-brands  ut-brands-carousel ut-brands-carousel-no-arrows ut-brands-columns-4 ut-brands-display-plain ut-brands-no-border-top ut-brands-no-border-bottom\" data-settings=\"{&quot;cellAlign&quot;:&quot;left&quot;,&quot;wrapAround&quot;:true,&quot;groupCells&quot;:1,&quot;lazyLoad&quot;:5,&quot;imagesLoaded&quot;:true,&quot;pageDots&quot;:false,&quot;autoPlay&quot;:&quot;3000&quot;,&quot;pauseAutoPlayOnHover&quot;:false,&quot;prevNextButtons&quot;:false,&quot;arrowShape&quot;:&quot;&quot;}\"><div class=\"ut-single-brand\"><div class=\"ut-single-brand-logo\"><img alt=\"Image\" data-flickity-lazyload=\"https:\/\/mucce-group.com\/wp-content\/uploads\/2020\/07\/b.i-BY-MU-Weishi.png\"><\/div><\/div><div class=\"ut-single-brand\"><div class=\"ut-single-brand-logo\"><img alt=\"Image\" data-flickity-lazyload=\"https:\/\/mucce-group.com\/wp-content\/uploads\/2020\/07\/B.I-CP-Mit-wei\u00dfhi.png\"><\/div><\/div><div class=\"ut-single-brand\"><div class=\"ut-single-brand-logo\"><img alt=\"Image\" data-flickity-lazyload=\"https:\/\/mucce-group.com\/wp-content\/uploads\/2020\/07\/Wambi.png\"><\/div><\/div><div class=\"ut-single-brand\"><div class=\"ut-single-brand-logo\"><img alt=\"Image\" data-flickity-lazyload=\"https:\/\/mucce-group.com\/wp-content\/uploads\/2020\/07\/ly.png\"><\/div><\/div><div class=\"ut-single-brand\"><div class=\"ut-single-brand-logo\"><img alt=\"Image\" data-flickity-lazyload=\"https:\/\/mucce-group.com\/wp-content\/uploads\/2021\/03\/B-1.png\"><\/div><\/div><\/div><\/div><\/div><\/div><\/div><\/div><div class=\"vc_row-full-width vc_clearfix\"><\/div><a data-id=\"section-without-id\" class=\"ut-vc-offset-anchor-bottom\" name=\"section-without-id\"><\/a><\/section><div class=\"vc_row-full-width vc_clearfix\"><\/div><div id=\"ihr-partner\" data-vc-full-width=\"true\" data-vc-full-width-init=\"false\" class=\"vc_row wpb_row vc_row-fluid vc_column-gap-0 ut-row-69f39a6e18d54\" ><div class=\"wpb_column vc_column_container vc_col-sm-6\" ><div id=\"ut_inner_column_69f39a6e1b5d2\" class=\"vc_column-inner\" ><div class=\"wpb_wrapper\"><style type=\"text\/css\">#ut_custom_heading69f39a6e1b720 { font-family: \"Audiowide\";font-weight:400;font-style:normal; }#ut_custom_heading69f39a6e1b720{ font-size: 44px }#ut_custom_heading69f39a6e1b720{ line-height: 150% }#ut_custom_heading69f39a6e1b720 { text-align:left; }@media (min-width: 768px) and (max-width: 1024px) { #ut_custom_heading69f39a6e1b720 { text-align:left; } }@media (max-width: 767px) { #ut_custom_heading69f39a6e1b720 { text-align:left; } }<\/style><h2 id=\"ut_custom_heading69f39a6e1b720\" data-responsive-font=\"h2\" data-responsive-font-settings=\"{&quot;base-font-size&quot;:&quot;44&quot;,&quot;base-line-height&quot;:&quot;150&quot;}\" class=\"ut-custom-heading-module\" data-appear-effect=\"effect-1\" data-appear-top-offset=\"full\"><span class=\"\" >YOUR PARTNER<\/span><\/h2>\n\t<div class=\"wpb_text_column wpb_content_element\" >\n\t\t<div class=\"wpb_wrapper\">\n\t\t\t<p>The MUCCE Group is the contact for all brands. For more detailed information about the brands, \ntheir performance and services, please contact the MUCCE Group by phone or e-mail.<\/p>\n\n\t\t<\/div>\n\t<\/div>\n\n\t<div class=\"wpb_text_column wpb_content_element\" >\n\t\t<div class=\"wpb_wrapper\">\n\t\t\t<p>MUCCE Group<br \/>\nLindenhof 1<br \/>\n71229 Leonberg | Germany<br \/>\nservice@mucce-group.de<\/p>\n\n\t\t<\/div>\n\t<\/div>\n<\/div><\/div><\/div><div class=\"wpb_column vc_column_container vc_col-sm-6\" ><div id=\"ut_inner_column_69f39a6e261db\" class=\"vc_column-inner\" ><div class=\"wpb_wrapper\"><h3 style=\"text-align: left\" class=\"vc_custom_heading\">Send us a message<\/h3><div class=\"wpb_content_element\">\n<div class=\"wpcf7 no-js\" id=\"wpcf7-f8-o1\" lang=\"de-DE\" dir=\"ltr\">\n<div class=\"screen-reader-response\"><p role=\"status\" aria-live=\"polite\" aria-atomic=\"true\"><\/p> <ul><\/ul><\/div>\n<form action=\"\/en\/wp-json\/wp\/v2\/pages\/4411#wpcf7-f8-o1\" method=\"post\" class=\"wpcf7-form init\" aria-label=\"Kontaktformular\" novalidate=\"novalidate\" data-status=\"init\" data-trp-original-action=\"\/en\/wp-json\/wp\/v2\/pages\/4411#wpcf7-f8-o1\">\n<div style=\"display: none;\">\n<input type=\"hidden\" name=\"_wpcf7\" value=\"8\" \/>\n<input type=\"hidden\" name=\"_wpcf7_version\" value=\"5.9.5\" \/>\n<input type=\"hidden\" name=\"_wpcf7_locale\" value=\"de_DE\" \/>\n<input type=\"hidden\" name=\"_wpcf7_unit_tag\" value=\"wpcf7-f8-o1\" \/>\n<input type=\"hidden\" name=\"_wpcf7_container_post\" value=\"0\" \/>\n<input type=\"hidden\" name=\"_wpcf7_posted_data_hash\" value=\"\" \/>\n<input type=\"hidden\" name=\"_wpcf7_recaptcha_response\" value=\"\" \/>\n<\/div>\n<label> Your Name (required)\n    <span class=\"wpcf7-form-control-wrap\" data-name=\"your-name\"><input size=\"40\" class=\"wpcf7-form-control wpcf7-text wpcf7-validates-as-required\" aria-required=\"true\" aria-invalid=\"false\" value=\"\" type=\"text\" name=\"your-name\" \/><\/span> <\/label>\n\n<label> Your Email (required)\n    <span class=\"wpcf7-form-control-wrap\" data-name=\"your-email\"><input size=\"40\" class=\"wpcf7-form-control wpcf7-email wpcf7-validates-as-required wpcf7-text wpcf7-validates-as-email\" aria-required=\"true\" aria-invalid=\"false\" value=\"\" type=\"email\" name=\"your-email\" \/><\/span> <\/label>\n\n<label> Subject\n    <span class=\"wpcf7-form-control-wrap\" data-name=\"your-subject\"><input size=\"40\" class=\"wpcf7-form-control wpcf7-text\" aria-invalid=\"false\" value=\"\" type=\"text\" name=\"your-subject\" \/><\/span> <\/label>\n\n<label> Your Message\n    <span class=\"wpcf7-form-control-wrap\" data-name=\"your-message\"><textarea cols=\"40\" rows=\"10\" class=\"wpcf7-form-control wpcf7-textarea\" aria-invalid=\"false\" name=\"your-message\"><\/textarea><\/span> <\/label>\n\n<input class=\"wpcf7-form-control wpcf7-submit has-spinner\" type=\"submit\" value=\"Send\" \/><div class=\"wpcf7-response-output\" aria-hidden=\"true\"><\/div>\n<input type=\"hidden\" name=\"trp-form-language\" value=\"en\"\/><\/form>\n<\/div>\n<\/div><div class=\"wpb_content_element\"><div class=\"BorlabsCookie _brlbs-cb-recaptcha\"><div class=\"_brlbs-content-blocker\"> <div class=\"_brlbs-default\"> <p>Zum Absenden des Formulars muss Google reCAPTCHA geladen werden. <br><a href=\"https:\/\/policies.google.com\/privacy?hl=de\" target=\"_blank\" rel=\"nofollow noopener noreferrer\">Google reCAPTCHA Datenschutzerkl\u00e4rung<\/a><\/p> <p><a class=\"_brlbs-btn\" href=\"#\" data-borlabs-cookie-unblock role=\"button\">Google reCAPTCHA laden<\/a><\/p> <\/div> <\/div><div class=\"borlabs-hide\" data-borlabs-cookie-type=\"content-blocker\" data-borlabs-cookie-id=\"recaptcha\"><script type=\"text\/template\">JiM4MjMwO2Jsb2NraWVyZSBkYXMmIzgyMzA7<\/script><\/div><\/div><\/div><\/div><\/div><\/div><style type=\"text\/css\">#ihr-partner{margin-bottom: 60px !important;} <\/style><\/div><div class=\"vc_row-full-width vc_clearfix\"><\/div>","protected":false},"excerpt":{"rendered":"+49 (0) 7152 92 61 5 - 77MUCCE SupportDesk Bei technischen St\u00f6rungen steht Ihnen im Notfall der MUCCE Support telefonisch gerne zur Verf\u00fcgung. Und das 24\/7. #ut_inner_column_69f39a6e3012e{padding-top: 40px !important;padding-right: 40px !important;padding-bottom: 120px !important;padding-left: 40px !important;background-position:center center !important;;background-repeat: no-repeat !important;background-size: cover !important;border-radius: 10px !important;background-attachment:scroll!important;}#ut_column_overlay_69f39a6e302e2{ background-color: rgba(44, 62, 80, 0.6);}+49 (0) 7152 92 61 5 - 0MUCCE&hellip;","protected":false},"author":2,"featured_media":0,"parent":0,"menu_order":0,"comment_status":"closed","ping_status":"closed","template":"","meta":{"footnotes":""},"_links":{"self":[{"href":"https:\/\/mucce-group.com\/en\/wp-json\/wp\/v2\/pages\/4411"}],"collection":[{"href":"https:\/\/mucce-group.com\/en\/wp-json\/wp\/v2\/pages"}],"about":[{"href":"https:\/\/mucce-group.com\/en\/wp-json\/wp\/v2\/types\/page"}],"author":[{"embeddable":true,"href":"https:\/\/mucce-group.com\/en\/wp-json\/wp\/v2\/users\/2"}],"replies":[{"embeddable":true,"href":"https:\/\/mucce-group.com\/en\/wp-json\/wp\/v2\/comments?post=4411"}],"version-history":[{"count":38,"href":"https:\/\/mucce-group.com\/en\/wp-json\/wp\/v2\/pages\/4411\/revisions"}],"predecessor-version":[{"id":5390,"href":"https:\/\/mucce-group.com\/en\/wp-json\/wp\/v2\/pages\/4411\/revisions\/5390"}],"wp:attachment":[{"href":"https:\/\/mucce-group.com\/en\/wp-json\/wp\/v2\/media?parent=4411"}],"curies":[{"name":"wp","href":"https:\/\/api.w.org\/{rel}","templated":true}]}}